{"id":18,"date":"2021-10-30T15:21:09","date_gmt":"2021-10-30T18:21:09","guid":{"rendered":"https:\/\/inflightit.eltonfonseca.dev\/?page_id=18"},"modified":"2022-01-13T18:30:55","modified_gmt":"2022-01-13T18:30:55","slug":"contactos","status":"publish","type":"page","link":"https:\/\/inflightit.eltonfonseca.dev\/en\/contactos\/","title":{"rendered":"Contactos"},"content":{"rendered":"<div class=\"is-layout-flex wp-container-3 wp-block-columns\">\n<div class=\"is-layout-flow wp-block-column\">\n<p>Deixe-nos uma mensagem e entraremos em contacto assim que poss\u00edvel<\/p>\n\n\n<div role=\"form\" class=\"wpcf7\" id=\"wpcf7-f68-o1\" lang=\"pt-PT\" dir=\"ltr\">\n<div class=\"screen-reader-response\"><p role=\"status\" aria-live=\"polite\" aria-atomic=\"true\"><\/p> <ul><\/ul><\/div>\n<form action=\"\/en\/wp-json\/wp\/v2\/pages\/18#wpcf7-f68-o1\" method=\"post\" class=\"wpcf7-form init\" novalidate=\"novalidate\" data-status=\"init\" data-trp-original-action=\"\/en\/wp-json\/wp\/v2\/pages\/18#wpcf7-f68-o1\">\n<div style=\"display: none;\">\n<input type=\"hidden\" name=\"_wpcf7\" value=\"68\" \/>\n<input type=\"hidden\" name=\"_wpcf7_version\" value=\"5.5.6\" \/>\n<input type=\"hidden\" name=\"_wpcf7_locale\" value=\"pt_PT\" \/>\n<input type=\"hidden\" name=\"_wpcf7_unit_tag\" value=\"wpcf7-f68-o1\" \/>\n<input type=\"hidden\" name=\"_wpcf7_container_post\" value=\"0\" \/>\n<input type=\"hidden\" name=\"_wpcf7_posted_data_hash\" value=\"\" \/>\n<\/div>\n<p><label> Nome<br \/>\n    <span class=\"wpcf7-form-control-wrap your-name\"><input type=\"text\" name=\"your-name\" value=\"\" size=\"60\" class=\"wpcf7-form-control wpcf7-text wpcf7-validates-as-required\" aria-required=\"true\" aria-invalid=\"false\" \/><\/span> <\/label><\/p>\n<p><label> E-mail<br \/>\n    <span class=\"wpcf7-form-control-wrap your-email\"><input type=\"email\" name=\"your-email\" value=\"\" size=\"60\" class=\"wpcf7-form-control wpcf7-text wpcf7-email wpcf7-validates-as-required wpcf7-validates-as-email\" aria-required=\"true\" aria-invalid=\"false\" \/><\/span> <\/label><\/p>\n<p><label> Mensagem<br \/>\n    <span class=\"wpcf7-form-control-wrap your-message\"><textarea name=\"your-message\" cols=\"40\" rows=\"10\" class=\"wpcf7-form-control wpcf7-textarea wpcf7-validates-as-required\" aria-required=\"true\" aria-invalid=\"false\"><\/textarea><\/span> <\/label><\/p>\n<p><input type=\"submit\" value=\"Enviar\" class=\"wpcf7-form-control has-spinner wpcf7-submit\" \/><\/p>\n<div class=\"wpcf7-response-output\" aria-hidden=\"true\"><\/div><input type=\"hidden\" name=\"trp-form-language\" value=\"en\"\/><\/form><\/div>\n<\/div>\n\n\n\n<div class=\"is-layout-flow wp-block-column\">\n<div class=\"img-contact\">\n<figure class=\"wp-block-image size-full\"><img decoding=\"async\" loading=\"lazy\" width=\"516\" height=\"516\" src=\"https:\/\/inflightit.eltonfonseca.dev\/wp-content\/uploads\/2021\/10\/Rectangle-38-2.png\" alt=\"\" class=\"wp-image-169\" srcset=\"https:\/\/inflightit.eltonfonseca.dev\/wp-content\/uploads\/2021\/10\/Rectangle-38-2.png 516w, https:\/\/inflightit.eltonfonseca.dev\/wp-content\/uploads\/2021\/10\/Rectangle-38-2-300x300.png 300w, https:\/\/inflightit.eltonfonseca.dev\/wp-content\/uploads\/2021\/10\/Rectangle-38-2-150x150.png 150w, https:\/\/inflightit.eltonfonseca.dev\/wp-content\/uploads\/2021\/10\/Rectangle-38-2-324x324.png 324w, https:\/\/inflightit.eltonfonseca.dev\/wp-content\/uploads\/2021\/10\/Rectangle-38-2-416x416.png 416w, https:\/\/inflightit.eltonfonseca.dev\/wp-content\/uploads\/2021\/10\/Rectangle-38-2-100x100.png 100w\" sizes=\"(max-width: 516px) 100vw, 516px\" \/><\/figure>\n<\/div>\n<\/div>\n<\/div>\n\n\n\n<hr class=\"wp-block-separator is-style-wide\"\/>\n\n\n\n<div class=\"is-layout-flex wp-container-21 wp-block-columns\">\n<div class=\"is-layout-flow wp-block-column\" style=\"flex-basis:300px\">\n<h2 class=\"info-contato\">Informa\u00e7\u00f5es de contacto<\/h2>\n\n\n\n<div class=\"is-layout-flex wp-container-6 wp-block-columns sem-margem-infeior\">\n<div class=\"is-layout-flow wp-block-column sem-margem-infeior cotacto-info-icon\" style=\"flex-basis:35px\">\n<figure class=\"wp-block-image size-full is-resized\"><img decoding=\"async\" loading=\"lazy\" src=\"https:\/\/inflightit.eltonfonseca.dev\/wp-content\/uploads\/2022\/01\/email_black_24dp-1.png\" alt=\"\" class=\"wp-image-494\" width=\"24\" height=\"24\"\/><\/figure>\n<\/div>\n\n\n\n<div class=\"is-layout-flow wp-block-column sem-margem-infeior cotacto-info-descricao\" style=\"flex-basis:82%\">\n<p>secretaria@aevst.com<br>direccao@aevst.com<\/p>\n<\/div>\n<\/div>\n\n\n\n<div class=\"is-layout-flex wp-container-9 wp-block-columns sem-margem-infeior\">\n<div class=\"is-layout-flow wp-block-column sem-margem-infeior  cotacto-info-icon\" style=\"flex-basis:35px\">\n<figure class=\"wp-block-image size-full\"><img decoding=\"async\" loading=\"lazy\" width=\"18\" height=\"18\" src=\"https:\/\/inflightit.eltonfonseca.dev\/wp-content\/uploads\/2022\/01\/Vector.png\" alt=\"\" class=\"wp-image-496\"\/><\/figure>\n<\/div>\n\n\n\n<div class=\"is-layout-flow wp-block-column sem-margem-infeior cotacto-info-descricao\">\n<p>+351 253 559 870<\/p>\n<\/div>\n<\/div>\n\n\n\n<div class=\"is-layout-flex wp-container-12 wp-block-columns sem-margem-infeior\">\n<div class=\"is-layout-flow wp-block-column sem-margem-infeior  cotacto-info-icon\" style=\"flex-basis:35px\">\n<figure class=\"wp-block-image size-full\"><img decoding=\"async\" loading=\"lazy\" width=\"16\" height=\"20\" src=\"https:\/\/inflightit.eltonfonseca.dev\/wp-content\/uploads\/2022\/01\/Vector-1.png\" alt=\"\" class=\"wp-image-498\"\/><\/figure>\n<\/div>\n\n\n\n<div class=\"is-layout-flow wp-block-column sem-margem-infeior cotacto-info-descricao\">\n<p>R. Bar\u00e3o de S. Torcato 860<br>4800-868<br>Guimar\u00e3es<\/p>\n<\/div>\n<\/div>\n\n\n\n<div class=\"is-layout-flex wp-container-15 wp-block-columns sem-margem-infeior\">\n<div class=\"is-layout-flow wp-block-column sem-margem-infeior  cotacto-info-icon\" style=\"flex-basis:35px\">\n<figure class=\"wp-block-image size-full\"><img decoding=\"async\" loading=\"lazy\" width=\"22\" height=\"22\" src=\"https:\/\/inflightit.eltonfonseca.dev\/wp-content\/uploads\/2022\/01\/Frame.png\" alt=\"\" class=\"wp-image-500\"\/><\/figure>\n<\/div>\n\n\n\n<div class=\"is-layout-flow wp-block-column sem-margem-infeior cotacto-info-descricao\">\n<p>facebook.com\/AEVSTorcato<\/p>\n<\/div>\n<\/div>\n\n\n\n<div class=\"is-layout-flex wp-container-18 wp-block-columns sem-margem-infeior\">\n<div class=\"is-layout-flow wp-block-column sem-margem-infeior  cotacto-info-icon\" style=\"flex-basis:35px\">\n<figure class=\"wp-block-image size-full\"><img decoding=\"async\" loading=\"lazy\" width=\"22\" height=\"25\" src=\"https:\/\/inflightit.eltonfonseca.dev\/wp-content\/uploads\/2022\/01\/Group-31.png\" alt=\"\" class=\"wp-image-502\"\/><\/figure>\n<\/div>\n\n\n\n<div class=\"is-layout-flow wp-block-column sem-margem-infeior cotacto-info-descricao\" style=\"flex-basis:66.66%\">\n<p>instagram.com\/_aevst_<\/p>\n<\/div>\n<\/div>\n<\/div>\n\n\n\n<div class=\"is-layout-flow wp-block-column\">\n<div style=\"text-align: right\">\n<iframe src=\"https:\/\/www.google.com\/maps\/embed?pb=!1m18!1m12!1m3!1d99579.84810280724!2d-9.230415332339694!3d38.7437394935811!2m3!1f0!2f0!3f0!3m2!1i1024!2i768!4f13.1!3m3!1m2!1s0xd19331a61e4f33b%3A0x400ebbde49036d0!2sLisboa%2C%20Portugal!5e0!3m2!1spt-BR!2sbr!4v1638142130208!5m2!1spt-BR!2sbr\" width=\"100%\" height=\"450\" style=\"border:0;\" allowfullscreen=\"\" loading=\"lazy\"><\/iframe>\n<\/div>\n<\/div>\n<\/div>","protected":false},"excerpt":{"rendered":"<p>Deixe-nos uma mensagem e entraremos em contacto assim que poss\u00edvel Informa\u00e7\u00f5es de contacto secretaria@aevst.comdireccao@aevst.com +351 253 559 870 R. Bar\u00e3o de S. Torcato 8604800-868Guimar\u00e3es facebook.com\/AEVSTorcato instagram.com\/_aevst_<\/p>","protected":false},"author":1,"featured_media":0,"parent":0,"menu_order":0,"comment_status":"closed","ping_status":"closed","template":"","meta":[],"_links":{"self":[{"href":"https:\/\/inflightit.eltonfonseca.dev\/en\/wp-json\/wp\/v2\/pages\/18"}],"collection":[{"href":"https:\/\/inflightit.eltonfonseca.dev\/en\/wp-json\/wp\/v2\/pages"}],"about":[{"href":"https:\/\/inflightit.eltonfonseca.dev\/en\/wp-json\/wp\/v2\/types\/page"}],"author":[{"embeddable":true,"href":"https:\/\/inflightit.eltonfonseca.dev\/en\/wp-json\/wp\/v2\/users\/1"}],"replies":[{"embeddable":true,"href":"https:\/\/inflightit.eltonfonseca.dev\/en\/wp-json\/wp\/v2\/comments?post=18"}],"version-history":[{"count":46,"href":"https:\/\/inflightit.eltonfonseca.dev\/en\/wp-json\/wp\/v2\/pages\/18\/revisions"}],"predecessor-version":[{"id":607,"href":"https:\/\/inflightit.eltonfonseca.dev\/en\/wp-json\/wp\/v2\/pages\/18\/revisions\/607"}],"wp:attachment":[{"href":"https:\/\/inflightit.eltonfonseca.dev\/en\/wp-json\/wp\/v2\/media?parent=18"}],"curies":[{"name":"wp","href":"https:\/\/api.w.org\/{rel}","templated":true}]}}