{"id":10,"date":"2021-10-30T19:38:49","date_gmt":"2021-10-30T18:38:49","guid":{"rendered":"https:\/\/inflightit.eltonfonseca.dev\/?page_id=10"},"modified":"2021-12-01T20:54:27","modified_gmt":"2021-12-01T20:54:27","slug":"refund_returns","status":"publish","type":"page","link":"https:\/\/inflightit.eltonfonseca.dev\/en\/refund_returns\/","title":{"rendered":"Pol\u00edtica de Devolu\u00e7\u00f5es"},"content":{"rendered":"","protected":false},"excerpt":{"rendered":"","protected":false},"author":1,"featured_media":0,"parent":0,"menu_order":0,"comment_status":"closed","ping_status":"closed","template":"","meta":[],"_links":{"self":[{"href":"https:\/\/inflightit.eltonfonseca.dev\/en\/wp-json\/wp\/v2\/pages\/10"}],"collection":[{"href":"https:\/\/inflightit.eltonfonseca.dev\/en\/wp-json\/wp\/v2\/pages"}],"about":[{"href":"https:\/\/inflightit.eltonfonseca.dev\/en\/wp-json\/wp\/v2\/types\/page"}],"author":[{"embeddable":true,"href":"https:\/\/inflightit.eltonfonseca.dev\/en\/wp-json\/wp\/v2\/users\/1"}],"replies":[{"embeddable":true,"href":"https:\/\/inflightit.eltonfonseca.dev\/en\/wp-json\/wp\/v2\/comments?post=10"}],"version-history":[{"count":1,"href":"https:\/\/inflightit.eltonfonseca.dev\/en\/wp-json\/wp\/v2\/pages\/10\/revisions"}],"predecessor-version":[{"id":35,"href":"https:\/\/inflightit.eltonfonseca.dev\/en\/wp-json\/wp\/v2\/pages\/10\/revisions\/35"}],"wp:attachment":[{"href":"https:\/\/inflightit.eltonfonseca.dev\/en\/wp-json\/wp\/v2\/media?parent=10"}],"curies":[{"name":"wp","href":"https:\/\/api.w.org\/{rel}","templated":true}]}}